{"id":427,"date":"2016-01-31T17:26:38","date_gmt":"2016-01-31T15:26:38","guid":{"rendered":"http:\/\/tilinatorium.raplakunst.eu\/?page_id=427"},"modified":"2020-01-07T12:24:36","modified_gmt":"2020-01-07T10:24:36","slug":"cv-2","status":"publish","type":"page","link":"https:\/\/tilinatorium.raplakunst.eu\/?page_id=427&lang=en","title":{"rendered":"CV"},"content":{"rendered":"<p><a href=\"https:\/\/tilinatorium.raplakunst.eu\/wp-content\/uploads\/sites\/12\/2016\/01\/erkikivi.jpg\"><img loading=\"lazy\" decoding=\"async\" class=\"alignright wp-image-501 size-medium\" style=\"border: 6px dotted #000;\" src=\"https:\/\/tilinatorium.raplakunst.eu\/wp-content\/uploads\/sites\/12\/2016\/01\/erkikivi-284x300.jpg\" alt=\"erkikivi\" width=\"227\" height=\"240\" srcset=\"https:\/\/tilinatorium.raplakunst.eu\/wp-content\/uploads\/sites\/12\/2016\/01\/erkikivi-284x300.jpg 284w, https:\/\/tilinatorium.raplakunst.eu\/wp-content\/uploads\/sites\/12\/2016\/01\/erkikivi.jpg 432w\" sizes=\"auto, (max-width: 227px) 100vw, 227px\" \/><\/a><\/p>\n<h6>Erki Kannus<\/h6>\n<ul>\n<li>Born 23.05.1958 Tallinn, Estonia<\/li>\n<li>Studied:\u00a01977-1981 Estonian Art Academy, glass department<\/li>\n<\/ul>\n<h6>Exhibitions:<\/h6>\n<ul>\n<li>1993 THE BEAUTY OF DESTRUCTION, cafe-gallery Franklin25, Minneapolis, USA<\/li>\n<li>1998 SKARPO, American Swedish Institute, Minneapolis, USA<\/li>\n<li>1999\/2001 Open Studio Project, StPaul Art Crawl, StPaul, USA<\/li>\n<li>2003 87,3 SOUND LITRES, St Catherine&#8217;s Church, Tallinn, Estonia<\/li>\n<li>2003 UNTUNED, R.Sagrits Museum, Karepa, Estonia<\/li>\n<li>2003 BIRD ANTON AND THE REST, Kondas Centre, Viljandi, Estonia<\/li>\n<li>2004 PURE CHANCE, City Gallery, Tallinn (with Merle Kannus)<\/li>\n<li>2004 STAINS OF CHANCE dance performance in Tallinn and Tartu.<\/li>\n<li>2005 DO IT YOURSELF, Viinistu Art Museum (with Merle Kannus)<\/li>\n<li>2006 TILINATORIUM (Tilinatorium 3), Albu manor (with Merle Kannus &amp; Others)<\/li>\n<li>2008 ERKI KANNUS 50, Viinistu Art Museum<\/li>\n<li>2011 TILINATOORUIM 5, Rapla County Centre For Contemporary Art<\/li>\n<li>2011 TILINATOORIUM 6, P\u00e4rnu Museum of New Art<\/li>\n<li>2013 TILINATOORIUM 8, Kostivere Manor<\/li>\n<li>2013 TILINATOORIUM 9, Loo Cultural Centre<\/li>\n<li>2014 TILINATOORIUM 10, Tallinn Lillek\u00fcla High School<\/li>\n<li>2014 TILINATOORIUM 12, J\u00e4rvakandi Glass Gallery<\/li>\n<li>2019 REAL AND SURREAL (with Merle Kannus), Elva Cultural Centre<\/li>\n<\/ul>\n<h6>Group exhibitions and events:<\/h6>\n<ul>\n<li>1976 PARNU&#8217;76, Parnu, Estonia<\/li>\n<li>1976, 1977, 1982, 1984, 1986 Annual State Art Shows, Tallinn<\/li>\n<li>1982, 1988 Annual Young Art Shows, Tallinn, Tartu<\/li>\n<li>1988 Baltic Applied Art Triennial (with Kristel Kannus) , Jurmala, Latvia<\/li>\n<li>1989 AKTA (with Kristel Kannus), Tallinn, Estonia<\/li>\n<li>2002 Site-specific Art Workshop MEHR SCHNEE IN PALAMUSE, Jogevamaa, Estonia<\/li>\n<li>2002 KONSENSUS , Tallinn, Estonia<\/li>\n<li>2003 HEAVY ESTONIAN AIR, Glass Gallery, Riga, Latvia<\/li>\n<li>2003 TIME\/SPACE\/MOVEMENT, Paide, Estonia<\/li>\n<li>2003 St. Paul Art Crawl<\/li>\n<li>2005 WHITE GLASS, Haapsalu, Evald Okas Museum<\/li>\n<li>2005 TEMPORARY GARDENS, Tartu, land art festival (with Merle Kannus and Ave Avalo)<\/li>\n<li>2006 PLEKTRUM, Culture Factory, Tallinn<\/li>\n<li>2007 PLEKTRUM, Von Krahl Theatre, Tallinn<\/li>\n<li>2007 EKS.N\u00e4IB, Cultural Centre Kannel, V\u00f5ru<\/li>\n<li>2008 OPERATIIVM\u00c4LU, V\u00f5ru City Gallery, P\u00e4rnu City Gallery<\/li>\n<li>2009 MINU KALLIS PARANOIA, Vaal Gallery, Tallinn<\/li>\n<li>2010 M\u00d5TLEVAD MASINAD, Design Gallery, Tallinn<\/li>\n<li>2010 KAHEM\u00d5TTETU, Rapla County Centre for Contemporary Art<\/li>\n<li>2012 ME USUME(Tilinatoorium 7), Chateau Saint Auvent, France<\/li>\n<li>2014 P\u00dcHAD(Tilinatoorium 11), Ukraine&#8217;s spiritual Treasures&#8217; Museum, Kiev<\/li>\n<li>2014 RUUM RUUMIS(Tilinatoorium 13) Cultural Centre Kannel, V\u00f5ru<\/li>\n<li>2015 J\u00c4ETD J\u00c4LJED, Haapsalu Kunstikooi galerii<\/li>\n<li>2016 THE IDEALISTS, Tallinn Art Hall<\/li>\n<li>2016 \u00d5, Kuressaare Castle<\/li>\n<li>2016 WHATIF, Vincas Grybase muuseum, Jurbarkas, Lithuania<\/li>\n<li>2017 BIOGLASS,\u00a0Evald Okas Museum, Haapsalu<\/li>\n<li>2018 A DIFFERENT ANGLE, \u00a0Evald Okas Museum, Haapsalu<\/li>\n<li>2018 ESTONIA: A MINDSCAPE, Rapla County Centre for Contemporary Art<\/li>\n<li>2018 PIMENEMINE \/ DARKENING, Janina Monkute-Marks Museum, Kedainiai, Lithuania<\/li>\n<li>2019 INTERPLAY, hot glass workshop and exhibition in Haapsalu<\/li>\n<li>2019 ARTS AND LIGHTS IN TALLINN, fountain at Apollo Square<\/li>\n<li>2019 SEDNA, Rapla County Centre for Contemporary Art, paintings by Kairi Orgusaar, video by Erki Kannus<\/li>\n<li>2019 MAN. WOMAN. FREEDOM. P\u00e4rnu Museum of New Art<\/li>\n<\/ul>\n<h6>Installations:<\/h6>\n<ul>\n<li>2001 FLYING TEXTILE, Skulpturens Hus, Stockholm, Sweden<\/li>\n<li>2005 AN ODE FOR TRAVELERS, Haapsalu railway station<\/li>\n<\/ul>\n<h6>Videos:<\/h6>\n<ul>\n<li>2002 VIOLI<\/li>\n<li>2003 HUMANS&#8217; ROOM, MORNING<\/li>\n<li>2003 FAUCETS<\/li>\n<li>2003 6 SOUND LITERS<\/li>\n<li>2004 BOXCAR PROJECT (with Brian Jeans and Stephen Rife)<\/li>\n<li>2004 MINNESOTA: THE NATIVE AMERICAN NAME FOR LEMONADE (with Stephen Rife)<\/li>\n<\/ul>\n<h6>Scholarships:<\/h6>\n<ul>\n<li>1996 Grant for Emerging Artist, Jerome Foundation, USA<\/li>\n<\/ul>\n<h6>Commissions:<\/h6>\n<ul>\n<li>1985 AGRO stained glass window, Ministry of Agriculture, Tallinn, Estonia<\/li>\n<li>1985 KOOPERATOR stained glass window, Tallinn, Estonia<\/li>\n<li>1986 MOOD stained glass window, Tallinn, Estonia<\/li>\n<li>1986 LINN stained glass window, Tallinn, Estonia<\/li>\n<li>1987 MAINOR stained glass window, Tallinn, Estonia<\/li>\n<li>1996 PLAY stained glass window, Edina Library, Edina, USA<\/li>\n<li>1999 READ stained glass window, Merriam Park Library, StPaul, USA<\/li>\n<li>1987 AWARD glass sculpture<\/li>\n<\/ul>\n<h6>Teaching:<\/h6>\n<ul>\n<li>2002-2004 Estonian Art Academy<\/li>\n<\/ul>\n","protected":false},"excerpt":{"rendered":"<p>Erki Kannus Born 23.05.1958 Tallinn, Estonia Studied:\u00a01977-1981 Estonian Art Academy, glass department Exhibitions: 1993 THE BEAUTY OF DESTRUCTION, cafe-gallery Franklin25, Minneapolis, USA 1998 SKARPO, American Swedish Institute, Minneapolis, USA 1999\/2001 Open Studio Project, StPaul Art Crawl, StPaul, USA 2003 87,3 SOUND LITRES, St Catherine&#8217;s Church, Tallinn, Estonia 2003 UNTUNED, R.Sagrits Museum, Karepa, Estonia 2003 BIRD [&hellip;]<\/p>\n","protected":false},"author":2,"featured_media":0,"parent":0,"menu_order":0,"comment_status":"closed","ping_status":"closed","template":"","meta":{"_uag_custom_page_level_css":"","footnotes":""},"class_list":["post-427","page","type-page","status-publish","hentry"],"uagb_featured_image_src":{"full":false,"thumbnail":false,"medium":false,"medium_large":false,"large":false,"1536x1536":false,"2048x2048":false,"frontier-thumbnail":false},"uagb_author_info":{"display_name":"merle","author_link":"https:\/\/tilinatorium.raplakunst.eu\/?author=2"},"uagb_comment_info":0,"uagb_excerpt":"Erki Kannus Born 23.05.1958 Tallinn, Estonia Studied:\u00a01977-1981 Estonian Art Academy, glass department Exhibitions: 1993 THE BEAUTY OF DESTRUCTION, cafe-gallery Franklin25, Minneapolis, USA 1998 SKARPO, American Swedish Institute, Minneapolis, USA 1999\/2001 Open Studio Project, StPaul Art Crawl, StPaul, USA 2003 87,3 SOUND LITRES, St Catherine&#8217;s Church, Tallinn, Estonia 2003 UNTUNED, R.Sagrits Museum, Karepa, Estonia 2003 BIRD&hellip;","_links":{"self":[{"href":"https:\/\/tilinatorium.raplakunst.eu\/index.php?rest_route=\/wp\/v2\/pages\/427","targetHints":{"allow":["GET"]}}],"collection":[{"href":"https:\/\/tilinatorium.raplakunst.eu\/index.php?rest_route=\/wp\/v2\/pages"}],"about":[{"href":"https:\/\/tilinatorium.raplakunst.eu\/index.php?rest_route=\/wp\/v2\/types\/page"}],"author":[{"embeddable":true,"href":"https:\/\/tilinatorium.raplakunst.eu\/index.php?rest_route=\/wp\/v2\/users\/2"}],"replies":[{"embeddable":true,"href":"https:\/\/tilinatorium.raplakunst.eu\/index.php?rest_route=%2Fwp%2Fv2%2Fcomments&post=427"}],"version-history":[{"count":21,"href":"https:\/\/tilinatorium.raplakunst.eu\/index.php?rest_route=\/wp\/v2\/pages\/427\/revisions"}],"predecessor-version":[{"id":578,"href":"https:\/\/tilinatorium.raplakunst.eu\/index.php?rest_route=\/wp\/v2\/pages\/427\/revisions\/578"}],"wp:attachment":[{"href":"https:\/\/tilinatorium.raplakunst.eu\/index.php?rest_route=%2Fwp%2Fv2%2Fmedia&parent=427"}],"curies":[{"name":"wp","href":"https:\/\/api.w.org\/{rel}","templated":true}]}}