{"id":425,"date":"2016-01-31T17:25:09","date_gmt":"2016-01-31T15:25:09","guid":{"rendered":"http:\/\/tilinatorium.raplakunst.eu\/?page_id=425"},"modified":"2020-01-07T12:24:08","modified_gmt":"2020-01-07T10:24:08","slug":"cv","status":"publish","type":"page","link":"https:\/\/tilinatorium.raplakunst.eu\/?page_id=425&lang=et","title":{"rendered":"CV"},"content":{"rendered":"<h6><a href=\"https:\/\/tilinatorium.raplakunst.eu\/wp-content\/uploads\/sites\/12\/2016\/01\/erkikivi.jpg\"><img loading=\"lazy\" decoding=\"async\" class=\"alignright wp-image-501\" style=\"border: 6px dotted #000; margin-left: 40px;\" src=\"https:\/\/tilinatorium.raplakunst.eu\/wp-content\/uploads\/sites\/12\/2016\/01\/erkikivi-284x300.jpg\" alt=\"erkikivi\" width=\"227\" height=\"240\" srcset=\"https:\/\/tilinatorium.raplakunst.eu\/wp-content\/uploads\/sites\/12\/2016\/01\/erkikivi-284x300.jpg 284w, https:\/\/tilinatorium.raplakunst.eu\/wp-content\/uploads\/sites\/12\/2016\/01\/erkikivi.jpg 432w\" sizes=\"auto, (max-width: 227px) 100vw, 227px\" \/><\/a>Erki Kannus<\/h6>\n<ul>\n<li>s. 23.05.1958 Tallinnas<\/li>\n<li>\u00d5ppis: 1977-1981 Eesti Kunstiinstituudi klaasiosakonnas<\/li>\n<\/ul>\n<h6>Personaaln\u00e4itused:<\/h6>\n<ul>\n<li>1993 THE BEAUTY OF DESTRUCTION, kohvik-galerii Franklin25, Minneapolis, USA<\/li>\n<li>1998 SKARPO, American Swedish Institute, Minneapolis, USA<\/li>\n<li>1999\/2001 Open Studio Project, StPaul Art Crawl, StPaul, USA<\/li>\n<li>2003 <a href=\"https:\/\/tilinatorium.raplakunst.eu\/?p=36&amp;lang=et\">87,3 SOUND LITRES,<\/a> Katariina kirik, Tallinn<\/li>\n<li>2003 <a href=\"https:\/\/tilinatorium.raplakunst.eu\/?p=40&amp;lang=et\">H\u00c4\u00c4LESTAMATA,<\/a> R.Sagritsa Muuseum, Karepa<\/li>\n<li>2003 LIND ANTON JA \u00dcLEJ\u00c4\u00c4NUD, Kondase keskus, Viljandi<\/li>\n<li>2004 <a href=\"https:\/\/tilinatorium.raplakunst.eu\/?p=44&amp;lang=et\">PUHAS JUHUS<\/a>(Tilinatoorium 1), Linnagalerii, Tallinn (koos Merle Kannusega);<\/li>\n<li>2005 <a href=\"https:\/\/tilinatorium.raplakunst.eu\/?p=48&amp;lang=et\">TEE ISE<\/a>(Tilinatoorium 2), Viinistu Kunstimuuseum (koos Merle Kannusega)<\/li>\n<li>2006 <a href=\"https:\/\/tilinatorium.raplakunst.eu\/?p=52&amp;lang=et\">TILINATOORIUM<\/a>(Tilinatoorium 3), Albu m\u00f5isahoone (koos Merle Kannusega)<\/li>\n<li>2008 <a href=\"https:\/\/tilinatorium.raplakunst.eu\/?p=284&amp;lang=et\">ERKI KANNUS 50<\/a>, Viinistu kunstimuuseum<\/li>\n<li>2011 <a href=\"https:\/\/tilinatorium.raplakunst.eu\/?p=56&amp;lang=et\">TILINATOORUIM 5<\/a>, Raplamaa Kaasaegse Kunsti Keskus<\/li>\n<li>2011 <a href=\"https:\/\/tilinatorium.raplakunst.eu\/?p=60&amp;lang=et\">TILINATOORIUM 6<\/a>, P\u00e4rnu Uue Kunsti Muuseum<\/li>\n<li>2013 <a href=\"https:\/\/tilinatorium.raplakunst.eu\/?p=228&amp;lang=et\">TILINATOORIUM\u00a07<\/a>, Kostivere KultuuriM\u00f5is<\/li>\n<li>2014 <a href=\"https:\/\/tilinatorium.raplakunst.eu\/?p=273&amp;lang=et\">TILINATOORIUM 8,<\/a> J\u00e4rvakandi Klaasigalerii<\/li>\n<li>2019 REAALNE JA S\u00dcRREAALNE (koos Merle Kannusega), Elva Kultuurikeskus<\/li>\n<\/ul>\n<h6>Performance:<\/h6>\n<ul>\n<li>2004 tantsuetendus <a href=\"https:\/\/tilinatorium.raplakunst.eu\/?p=44&amp;lang=et\">JUHUSE PLEKID<\/a>\u00a0Kanuti Gildi SAAL&#8217;i tantsijate osav\u00f5tul, Linnagalerii, Tallinn;<\/li>\n<li>2004 sama etendus Tartus koost\u00f6\u00f6s MT\u00dc Loovkeskusega.<\/li>\n<li>2009 <a href=\"https:\/\/tilinatorium.raplakunst.eu\/?p=231&amp;lang=et\">TILINATORIUM 4<\/a> Arts&amp;Lights Festival Tallinn, 2009 (kaastegevad Hello Upan ja Piibe Piirma)<\/li>\n<li>2014 <a href=\"https:\/\/tilinatorium.raplakunst.eu\/?p=281&amp;lang=et\">UNESK\u00d5NDIMISE TANTS<\/a>,\u00a0filmifestival &#8220;Sleepwalkers&#8221; l\u00f5pugala (tants Sofi Ar\u0161has)<\/li>\n<li>2015\u00a0<a href=\"https:\/\/tilinatorium.raplakunst.eu\/?p=233&amp;lang=et\">FOR SPY<\/a>,\u00a0Raplamaa Kaasaegse Kunsti Keskus (vokaal Eleonora\u00a0Tikas)<\/li>\n<li>2016 AUTOPORTREE, P\u00e4rnu Uue Kunsti Muuseum\u00a0\u00a0(tants Sofi Ar\u0161has)<\/li>\n<\/ul>\n<h6>Installatsioonid:<\/h6>\n<ul>\n<li>2001 FLYING TEXTILE, Skulpturens Hus, Stockholm<\/li>\n<li>2005 <a href=\"https:\/\/tilinatorium.raplakunst.eu\/?p=240&amp;lang=et\">REISIJATELE<\/a>, Haapsalu raudteejaama perroon<\/li>\n<\/ul>\n<h6>Video projektid:<\/h6>\n<ul>\n<li>2008 V\u00d5LUTRUMM Hobuveski, Tallinn &#8211; Villu Veski ja\u00a0Okeiko<\/li>\n<li>2010 TANGO LATINO tuur, Villu Veskiga<\/li>\n<li>2010 KULTUURIPEALINN Video Mapping Vabaduse Plats, Tallinn<\/li>\n<li>2011 INNOVATIVE LIFE, KUMU &amp; Von Krahl, koos Villu Veskiga<\/li>\n<li>2011 KLAASIMAAILM, Von Krahli Teater, Terje Isungset ja Arve Henriksen(Norra), EKA klaasiosakonna \u00f5pilased<\/li>\n<li>2011 V\u00d5LTRUMM: Tallinn-Monte Carlo Ralli avamine, Estonia kontserdisaal (Villu Veski, Tiit Kikas)<\/li>\n<li>2015 V\u00d5LTRUMM: ELEMENT MAA, Lennusadam\u00a0(Villu Veski)<\/li>\n<\/ul>\n<h6>Videod:<\/h6>\n<ul>\n<li>2002 <a href=\"https:\/\/tilinatorium.raplakunst.eu\/?p=238&amp;lang=et\">VIOLI<\/a><\/li>\n<li>2003 <a href=\"https:\/\/tilinatorium.raplakunst.eu\/?p=236&amp;lang=et\">HUMANS&#8217; ROOM, MORNING<\/a><\/li>\n<li>2003\u00a0<a href=\"https:\/\/tilinatorium.raplakunst.eu\/?p=268&amp;lang=et\">6.KORRUS<\/a><\/li>\n<li>2003 6 SOUND LITERS<\/li>\n<li>2004 BOXCAR PROJECT (koos Brian Jeans&#8217;i ja Stephen Rife&#8217;iga)<\/li>\n<li>2004 MINNESOTA: THE NATIVE AMERICAN NAME FOR LEMONADE (Koos Stephen Rife&#8217;iga)<\/li>\n<li>2005 <a href=\"https:\/\/tilinatorium.raplakunst.eu\/?p=240&amp;lang=et\">REISIJATELE<\/a><\/li>\n<\/ul>\n<h6>Grupin\u00e4itused jm kunsti\u00fcritused:<\/h6>\n<ul>\n<li>1976 P\u00c4RNU&#8217;76, P\u00e4rnu<\/li>\n<li>1976, 1977, 1982, 1984, 1986 Eesti kunsti \u00fclevaaten\u00e4itused, Tallinn<\/li>\n<li>1982, 1988 noorte kunsti \u00fclevaaten\u00e4itused, Tallinn, Tartu<\/li>\n<li>1988 Baltimaade Tarbekunstitriennaal, Jurmala<\/li>\n<li>1989 AKTA, Tallinn<\/li>\n<li>2002 Kohaspetsiifilise kunsti workshop MEHR SCHNEE IN PALAMUSE, Jogevamaa<\/li>\n<li>2002 KONSENSUS , Tallinn<\/li>\n<li>2003 HEAVY ESTONIAN AIR, Stikls Galerija, Riia<\/li>\n<li>2003 AEG\/RUUM\/LIIKUMINE, Paide<\/li>\n<li>2003 St. Paul Art Crawl USA, Minnesota<\/li>\n<li>2005 AJUTISED AIAD, maakunsti festival, Tartu<\/li>\n<li>2006 PLEKTRUM, Kultuuritehas, Tallinn<\/li>\n<li>2007 PLEKTRUM, Von Krahli Teater, Tallinn<\/li>\n<li>2007 EKS.N\u00e4IB, Kultuurimaja Kannel, V\u00f5ru<\/li>\n<li>2008 OPERATIIVM\u00c4LU, V\u00f5ru linnagalerii, P\u00e4rnu linnagalerii<\/li>\n<li>2009 MINU KALLIS PARANOIA, Vaal galerii, Tallinn<\/li>\n<li>2010 M\u00d5TLEVAD MASINAD, Disainigalerii, Tallinn<\/li>\n<li>2010 KAHEM\u00d5TTETU, Raplamaa Kaasaegse Kunsti Keskus<\/li>\n<li>2012 ME USUME \/ NOUS CROYONS, Saint Auvent&#8217;i loss, Prantsusmaa<\/li>\n<li>2013 TILINATOORIUM , Loo Kultuurikeskus<\/li>\n<li>2014 TILINATOORIUM , Tallinna Lillek\u00fcla G\u00fcmnaasium<\/li>\n<li>2014 P\u00dcHAD, Ukraina Vaimsete Aarete Muuseum, Kiiev<\/li>\n<li>2014 RUUM RUUMIS, Kultuurimaja Kannel, V\u00f5ru<\/li>\n<li>2015 J\u00c4ETUD J\u00c4LJED, Haapsalu Kunstikooli galerii<\/li>\n<li>2016 IDEALISTID, Kunstihoone, Tallinn<\/li>\n<li>2016 \u00d5, Kuressaare linnus<\/li>\n<li>2016 WHATIF, Vincas Grybase muuseum, Jurbarkas, Leedu<\/li>\n<li>2017 BIOGLASS,\u00a0Evald Okase muuseum, Haapsalu<\/li>\n<li>2018 TEINE VAATENURK, rahvusvaheline klaasikunsti n\u00e4itus, Evald Okase muuseum, Haapsalu<\/li>\n<li>2018 EESTI KUI M\u00d5TTELINE RUUM, Raplamaa kaasaegse kunsti keskus<\/li>\n<li>2018 PIMENEMINE, Janina Monkute-Marks Museum, Kedainiai, LeedU<\/li>\n<li>2019 KOOSM\u00d5JU, Haapsalu kuuma klaasi workshop ja n\u00e4itus<\/li>\n<li>2019 VALGUS K\u00d5NNIB KADRIORUS, Apollo platsi purskkaev, Tallinn<\/li>\n<li>2019 SEDNA, Raplamaa Kaasaegse Kunsti Keskus, maalid Kairi Orgusaar, video Erki Kannus<\/li>\n<li>2019 MEES, NAINE JA VABADUS, Uue Kunsti Muuseum, P\u00e4rnu<\/li>\n<\/ul>\n<h6>Stipendiumid:<\/h6>\n<ul>\n<li>1996 Grant for Emerging Artist, Jerome Foundation, USA<\/li>\n<\/ul>\n<h6>Tellimust\u00f6\u00f6d:<\/h6>\n<ul>\n<li>1985 AGRO vitraazaken, P\u00f5llumajandusministeeriumi hoone, Tallinn<\/li>\n<li>1985 KOOPERATOR vitraazaken, Tallinn<\/li>\n<li>1986 MOOD vitraazaken, Tallinn<\/li>\n<li>1986 LINN vitraazaken, Tallinn<\/li>\n<li>1987 MAINOR vitraazaken, Tallinn<\/li>\n<li>1996 PLAY vitraazaken, Edina Library, Edina, USA<\/li>\n<li>1999 READ vitraazaken, Merriam Park Library, StPaul, USA<\/li>\n<li>1987 AWARD klaasskulptuur<\/li>\n<\/ul>\n<h6>\u00d5petanud:<\/h6>\n<ul>\n<li>2002-2010 Eesti Kunstiakadeemia<\/li>\n<\/ul>\n","protected":false},"excerpt":{"rendered":"<p>Erki Kannus s. 23.05.1958 Tallinnas \u00d5ppis: 1977-1981 Eesti Kunstiinstituudi klaasiosakonnas Personaaln\u00e4itused: 1993 THE BEAUTY OF DESTRUCTION, kohvik-galerii Franklin25, Minneapolis, USA 1998 SKARPO, American Swedish Institute, Minneapolis, USA 1999\/2001 Open Studio Project, StPaul Art Crawl, StPaul, USA 2003 87,3 SOUND LITRES, Katariina kirik, Tallinn 2003 H\u00c4\u00c4LESTAMATA, R.Sagritsa Muuseum, Karepa 2003 LIND ANTON JA \u00dcLEJ\u00c4\u00c4NUD, Kondase keskus, [&hellip;]<\/p>\n","protected":false},"author":2,"featured_media":0,"parent":0,"menu_order":0,"comment_status":"closed","ping_status":"closed","template":"","meta":{"_uag_custom_page_level_css":"","footnotes":""},"class_list":["post-425","page","type-page","status-publish","hentry"],"uagb_featured_image_src":{"full":false,"thumbnail":false,"medium":false,"medium_large":false,"large":false,"1536x1536":false,"2048x2048":false,"frontier-thumbnail":false},"uagb_author_info":{"display_name":"merle","author_link":"https:\/\/tilinatorium.raplakunst.eu\/?author=2"},"uagb_comment_info":0,"uagb_excerpt":"Erki Kannus s. 23.05.1958 Tallinnas \u00d5ppis: 1977-1981 Eesti Kunstiinstituudi klaasiosakonnas Personaaln\u00e4itused: 1993 THE BEAUTY OF DESTRUCTION, kohvik-galerii Franklin25, Minneapolis, USA 1998 SKARPO, American Swedish Institute, Minneapolis, USA 1999\/2001 Open Studio Project, StPaul Art Crawl, StPaul, USA 2003 87,3 SOUND LITRES, Katariina kirik, Tallinn 2003 H\u00c4\u00c4LESTAMATA, R.Sagritsa Muuseum, Karepa 2003 LIND ANTON JA \u00dcLEJ\u00c4\u00c4NUD, Kondase keskus,&hellip;","_links":{"self":[{"href":"https:\/\/tilinatorium.raplakunst.eu\/index.php?rest_route=\/wp\/v2\/pages\/425","targetHints":{"allow":["GET"]}}],"collection":[{"href":"https:\/\/tilinatorium.raplakunst.eu\/index.php?rest_route=\/wp\/v2\/pages"}],"about":[{"href":"https:\/\/tilinatorium.raplakunst.eu\/index.php?rest_route=\/wp\/v2\/types\/page"}],"author":[{"embeddable":true,"href":"https:\/\/tilinatorium.raplakunst.eu\/index.php?rest_route=\/wp\/v2\/users\/2"}],"replies":[{"embeddable":true,"href":"https:\/\/tilinatorium.raplakunst.eu\/index.php?rest_route=%2Fwp%2Fv2%2Fcomments&post=425"}],"version-history":[{"count":30,"href":"https:\/\/tilinatorium.raplakunst.eu\/index.php?rest_route=\/wp\/v2\/pages\/425\/revisions"}],"predecessor-version":[{"id":577,"href":"https:\/\/tilinatorium.raplakunst.eu\/index.php?rest_route=\/wp\/v2\/pages\/425\/revisions\/577"}],"wp:attachment":[{"href":"https:\/\/tilinatorium.raplakunst.eu\/index.php?rest_route=%2Fwp%2Fv2%2Fmedia&parent=425"}],"curies":[{"name":"wp","href":"https:\/\/api.w.org\/{rel}","templated":true}]}}