{"id":10,"date":"2016-01-21T12:35:09","date_gmt":"2016-01-21T10:35:09","guid":{"rendered":"http:\/\/tilinatorium.raplakunst.eu\/?page_id=10"},"modified":"2016-12-07T12:16:30","modified_gmt":"2016-12-07T10:16:30","slug":"seletuskiri","status":"publish","type":"page","link":"https:\/\/tilinatorium.raplakunst.eu\/?page_id=10&lang=et","title":{"rendered":"Seletuskiri"},"content":{"rendered":"<p>Kas oleme kindlad, et muusikat saab luua vaid \u00f5ppinud muusik? Ehk oleme lihtsalt kaanonite vangis \u2013 et p\u00e4ris pillid on vaid viiul ja klaver; et kaunis on vaid h\u00e4\u00e4lestatud orkester, kes esitab helilooja poolt nooti kirjutatud teost; et harmoonia moodustavad ainult teatud kokkulepitud noodid. V\u00f5ib-olla suudaksime k\u00f5ik luua muusikat, kui vaid neid pille ees ei oleks.<\/p>\n<p>Minu pillid on s\u00fcndinud veendumusest, et iga inimene, olenemata vanusest, haridusest jne. on v\u00f5imeline tekitama nauditavaid helisid. Selleks piisab vahel k\u00f5ige igap\u00e4evasemaist esemetest \u2013 sukavardad, panged, lauad, vedrud, k\u00f6\u00f6giriistad, veetorud jne. S\u00e4\u00e4rastest materjalidest pillid on nimme h\u00e4\u00e4lestamatud; neist v\u00e4ljuvad helid ootamatud, \u00fcllatavad, m\u00e4ngima ahvatlevad. Vahel lisan helitehnilisi efekte, kuid need ei domineeri ja on enamikul juhtudel mittevajalikud.<\/p>\n<p>Musitseerida v\u00f5ib \u00fcksi ja kambakesi. Viimasel juhul olen m\u00e4rganud, kuidas esialgsest kaosest \u2013 iga\u00fcks elab end v\u00e4lja, kuulamata teisi \u2013 m\u00f5ne aja m\u00f6\u00f6dudes areneb koosk\u00f5la.<\/p>\n","protected":false},"excerpt":{"rendered":"<p>Kas oleme kindlad, et muusikat saab luua vaid \u00f5ppinud muusik? Ehk oleme lihtsalt kaanonite vangis \u2013 et p\u00e4ris pillid on vaid viiul ja klaver; et kaunis on vaid h\u00e4\u00e4lestatud orkester, kes esitab helilooja poolt nooti kirjutatud teost; et harmoonia moodustavad ainult teatud kokkulepitud noodid. V\u00f5ib-olla suudaksime k\u00f5ik luua muusikat, kui vaid neid pille ees ei [&hellip;]<\/p>\n","protected":false},"author":2,"featured_media":0,"parent":0,"menu_order":0,"comment_status":"closed","ping_status":"closed","template":"","meta":{"_uag_custom_page_level_css":"","footnotes":""},"class_list":["post-10","page","type-page","status-publish","hentry"],"uagb_featured_image_src":{"full":false,"thumbnail":false,"medium":false,"medium_large":false,"large":false,"1536x1536":false,"2048x2048":false,"frontier-thumbnail":false},"uagb_author_info":{"display_name":"merle","author_link":"https:\/\/tilinatorium.raplakunst.eu\/?author=2"},"uagb_comment_info":0,"uagb_excerpt":"Kas oleme kindlad, et muusikat saab luua vaid \u00f5ppinud muusik? Ehk oleme lihtsalt kaanonite vangis \u2013 et p\u00e4ris pillid on vaid viiul ja klaver; et kaunis on vaid h\u00e4\u00e4lestatud orkester, kes esitab helilooja poolt nooti kirjutatud teost; et harmoonia moodustavad ainult teatud kokkulepitud noodid. V\u00f5ib-olla suudaksime k\u00f5ik luua muusikat, kui vaid neid pille ees ei&hellip;","_links":{"self":[{"href":"https:\/\/tilinatorium.raplakunst.eu\/index.php?rest_route=\/wp\/v2\/pages\/10","targetHints":{"allow":["GET"]}}],"collection":[{"href":"https:\/\/tilinatorium.raplakunst.eu\/index.php?rest_route=\/wp\/v2\/pages"}],"about":[{"href":"https:\/\/tilinatorium.raplakunst.eu\/index.php?rest_route=\/wp\/v2\/types\/page"}],"author":[{"embeddable":true,"href":"https:\/\/tilinatorium.raplakunst.eu\/index.php?rest_route=\/wp\/v2\/users\/2"}],"replies":[{"embeddable":true,"href":"https:\/\/tilinatorium.raplakunst.eu\/index.php?rest_route=%2Fwp%2Fv2%2Fcomments&post=10"}],"version-history":[{"count":4,"href":"https:\/\/tilinatorium.raplakunst.eu\/index.php?rest_route=\/wp\/v2\/pages\/10\/revisions"}],"predecessor-version":[{"id":518,"href":"https:\/\/tilinatorium.raplakunst.eu\/index.php?rest_route=\/wp\/v2\/pages\/10\/revisions\/518"}],"wp:attachment":[{"href":"https:\/\/tilinatorium.raplakunst.eu\/index.php?rest_route=%2Fwp%2Fv2%2Fmedia&parent=10"}],"curies":[{"name":"wp","href":"https:\/\/api.w.org\/{rel}","templated":true}]}}